{"id":64,"date":"2020-02-14T12:46:58","date_gmt":"2020-02-14T11:46:58","guid":{"rendered":"https:\/\/gitesdelaraffinerie.com\/?page_id=64"},"modified":"2020-02-28T21:13:49","modified_gmt":"2020-02-28T20:13:49","slug":"pour-les-amoureux-de-la-nature","status":"publish","type":"page","link":"https:\/\/gitesdelaraffinerie.com\/index.php\/la-region-et-ses-attraits\/pour-les-amoureux-de-la-nature\/","title":{"rendered":"Pour les amoureux de la nature"},"content":{"rendered":"<p><strong>La Touraine \u00e9tait reconnue par les rois qui y construisirent leurs ch\u00e2teaux comme le &#8220;jardin de la France&#8221; avec son climat doux et ses lumi\u00e8res magnifiques. Venez explorer le riche patrimoine naturel de notre r\u00e9gion : sentiers p\u00e9destres, boucles \u00e0 v\u00e9lo, for\u00eat et jardins remarquables.<\/strong><\/p>\n<p><img loading=\"lazy\" class=\"alignleft wp-image-260 size-thumbnail\" src=\"https:\/\/gitesdelaraffinerie.com\/wp-content\/uploads\/2020\/02\/randonnee-pedestre-carre-150x150.jpg\" alt=\"des randonneurs dans un petit chemin creux\" width=\"150\" height=\"150\" srcset=\"https:\/\/gitesdelaraffinerie.com\/wp-content\/uploads\/2020\/02\/randonnee-pedestre-carre-150x150.jpg 150w, https:\/\/gitesdelaraffinerie.com\/wp-content\/uploads\/2020\/02\/randonnee-pedestre-carre-271x270.jpg 271w, https:\/\/gitesdelaraffinerie.com\/wp-content\/uploads\/2020\/02\/randonnee-pedestre-carre.jpg 299w\" sizes=\"(max-width: 150px) 100vw, 150px\" \/>Si vous aimez la marche et vous remplir les poumons d&#8217;air pur, de tr\u00e8s nombreux sentiers de campagne et de for\u00eat sillonnent notre r\u00e9gion. Vous trouverez dans le g\u00eete des propositions de promenades ou de randonn\u00e9es plus ou moins longues : aucune ne pr\u00e9sente de difficult\u00e9s, la r\u00e9gion est parfois vallonn\u00e9e mais jamais abrupte. Vous pourrez aussi tout simplement partir en promenade \u00e0 pied depuis le g\u00eete, situ\u00e9 en bordure d&#8217;un chemin p\u00e9destre.<\/p>\n<p><img loading=\"lazy\" class=\"wp-image-264 size-thumbnail alignleft\" src=\"https:\/\/gitesdelaraffinerie.com\/wp-content\/uploads\/2020\/02\/velo-carre-150x150.jpg\" alt=\"balade a velo dans la campagne\" width=\"150\" height=\"150\" srcset=\"https:\/\/gitesdelaraffinerie.com\/wp-content\/uploads\/2020\/02\/velo-carre-150x150.jpg 150w, https:\/\/gitesdelaraffinerie.com\/wp-content\/uploads\/2020\/02\/velo-carre.jpg 265w\" sizes=\"(max-width: 150px) 100vw, 150px\" \/>De nombreuses boucles \u00e0 v\u00e9lo balis\u00e9es vous permettront de d\u00e9couvrir le vignoble de Jasni\u00e8res, les jardins, les villages troglodytes, ou encore la vall\u00e9e de la D\u00eame, la petite rivi\u00e8re qui passe au bord du g\u00eete et alimentait autrefois de nombreux moulins priv\u00e9s. <a href=\"https:\/\/gitesdelaraffinerie.com\/wp-content\/uploads\/2020\/02\/La-boucle-a-velo-de-la-Vallee-de-la-Deme.pdf\">La boucle a velo de la Vallee de la Deme<\/a> de 18 km se parcourt en 2h. Vous pourrez louer des v\u00e9los traditionnels et \u00e9lectriques \u00e0 La Chartre sur le Loir.<\/p>\n<p><img loading=\"lazy\" class=\"wp-image-258 size-thumbnail alignleft\" src=\"https:\/\/gitesdelaraffinerie.com\/wp-content\/uploads\/2020\/02\/berce-carre-150x150.png\" alt=\"chenes remaquables en foret de berc\u00e9\" width=\"150\" height=\"150\" srcset=\"https:\/\/gitesdelaraffinerie.com\/wp-content\/uploads\/2020\/02\/berce-carre-150x150.png 150w, https:\/\/gitesdelaraffinerie.com\/wp-content\/uploads\/2020\/02\/berce-carre.png 300w, https:\/\/gitesdelaraffinerie.com\/wp-content\/uploads\/2020\/02\/berce-carre-270x270.png 270w\" sizes=\"(max-width: 150px) 100vw, 150px\" \/><a href=\"https:\/\/www.carnuta.fr\/for\u00eat-de-berc\u00e9\/\" target=\"_blank\" rel=\"noopener noreferrer\">La for\u00eat remarquable de Berc\u00e9<\/a>, \u00e0 Saint-Pierre du Lorouer (\u00e0 23 km)<br \/>\nNe ratez pas la visite de ce fleuron de la for\u00eat fran\u00e7aise : avec ses 3000 ha de ch\u00eanes et 2400 ha de r\u00e9sineux, cette for\u00eat domaniale produit des bois de qualit\u00e9 tr\u00e8s recherch\u00e9s, en particulier des ch\u00eanes exploit\u00e9s \u00e0 plus de 200 ans pour la tonnellerie. Certains ch\u00eanes remarquables ont plus de 350 ans ! La for\u00eat de Berc\u00e9 est un lieu id\u00e9al pour la pratique de la randonn\u00e9e \u00e0 pied, \u00e0 cheval, \u00e0 v\u00e9lo et \u00e0 VTT (280 km de circuits balis\u00e9s).<\/p>\n<p><img loading=\"lazy\" class=\"wp-image-477 size-thumbnail alignleft\" src=\"https:\/\/gitesdelaraffinerie.com\/wp-content\/uploads\/2020\/02\/jardin-de-valmer-carre-1-150x150.jpg\" alt=\"le potager du chateau de valmer\" width=\"150\" height=\"150\" srcset=\"https:\/\/gitesdelaraffinerie.com\/wp-content\/uploads\/2020\/02\/jardin-de-valmer-carre-1-150x150.jpg 150w, https:\/\/gitesdelaraffinerie.com\/wp-content\/uploads\/2020\/02\/jardin-de-valmer-carre-1.jpg 235w\" sizes=\"(max-width: 150px) 100vw, 150px\" \/>Si vous \u00eates comme nous amateurs de beaux jardins, vous aurez l&#8217;embarras du choix. Parmi nos pr\u00e9f\u00e9r\u00e9s : le ravissant jardin de <a href=\"http:\/\/www.jardin-plessis-sasnieres.fr\/\" target=\"_blank\" rel=\"noopener noreferrer\">Sasni\u00e8res<\/a> (\u00e0 30 km) cr\u00e9\u00e9 et entretenu par la famille de Brantes, avec un charmant petit restaurant sur place) ; l&#8217;extraordinaire potager \u00e0 la fran\u00e7aise et son conservatoire de l\u00e9gumes anciens cr\u00e9\u00e9 par Alix de Saint-Venant au ch\u00e2teau de <a href=\"https:\/\/www.chateaudevalmer.com\/le-domaine\/les-jardins\" target=\"_blank\" rel=\"noopener noreferrer\">Valmer<\/a> (\u00e0 40 km). A noter aussi les tr\u00e8s jolis vins de Vouvray produits sur le domaine.<br \/>\nEt ne ratez pas le <a href=\"http:\/\/www.domaine-chaumont.fr\/fr\/festival-international-des-jardins\">Festival International des Jardins de Chaumont sur Loire <\/a>(\u00e0 60 km), son Conservatoire botanique, son potager exp\u00e9rimental et ses expositions d&#8217;art contemporain.<\/p>\n","protected":false},"excerpt":{"rendered":"<p>La Touraine \u00e9tait reconnue par les rois qui y construisirent leurs ch\u00e2teaux comme le &#8220;jardin de la France&#8221; avec son climat doux et ses lumi\u00e8res magnifiques. Venez explorer le riche patrimoine naturel de notre r\u00e9gion : sentiers p\u00e9destres, boucles \u00e0 v\u00e9lo, for\u00eat et jardins remarquables. Si vous aimez la marche et vous remplir les poumons d&#8217;air pur, de tr\u00e8s nombreux sentiers de campagne et de for\u00eat sillonnent notre r\u00e9gion. Vous trouverez dans le g\u00eete des propositions de promenades ou de&#8230;<\/p>\n<p class=\"read-more\"><a class=\"btn btn-default\" href=\"https:\/\/gitesdelaraffinerie.com\/index.php\/la-region-et-ses-attraits\/pour-les-amoureux-de-la-nature\/\"> Read More<span class=\"screen-reader-text\">  Read More<\/span><\/a><\/p>\n","protected":false},"author":1,"featured_media":0,"parent":23,"menu_order":510,"comment_status":"closed","ping_status":"closed","template":"","meta":{"_monsterinsights_skip_tracking":false,"_monsterinsights_sitenote_active":false,"_monsterinsights_sitenote_note":"","_monsterinsights_sitenote_category":0},"_links":{"self":[{"href":"https:\/\/gitesdelaraffinerie.com\/index.php\/wp-json\/wp\/v2\/pages\/64"}],"collection":[{"href":"https:\/\/gitesdelaraffinerie.com\/index.php\/wp-json\/wp\/v2\/pages"}],"about":[{"href":"https:\/\/gitesdelaraffinerie.com\/index.php\/wp-json\/wp\/v2\/types\/page"}],"author":[{"embeddable":true,"href":"https:\/\/gitesdelaraffinerie.com\/index.php\/wp-json\/wp\/v2\/users\/1"}],"replies":[{"embeddable":true,"href":"https:\/\/gitesdelaraffinerie.com\/index.php\/wp-json\/wp\/v2\/comments?post=64"}],"version-history":[{"count":17,"href":"https:\/\/gitesdelaraffinerie.com\/index.php\/wp-json\/wp\/v2\/pages\/64\/revisions"}],"predecessor-version":[{"id":616,"href":"https:\/\/gitesdelaraffinerie.com\/index.php\/wp-json\/wp\/v2\/pages\/64\/revisions\/616"}],"up":[{"embeddable":true,"href":"https:\/\/gitesdelaraffinerie.com\/index.php\/wp-json\/wp\/v2\/pages\/23"}],"wp:attachment":[{"href":"https:\/\/gitesdelaraffinerie.com\/index.php\/wp-json\/wp\/v2\/media?parent=64"}],"curies":[{"name":"wp","href":"https:\/\/api.w.org\/{rel}","templated":true}]}}